{"id":1790,"date":"2023-09-05T18:00:51","date_gmt":"2023-09-05T18:00:51","guid":{"rendered":"https:\/\/bilderbogen-p.andreasbahr.de\/?page_id=1790"},"modified":"2023-09-08T21:54:37","modified_gmt":"2023-09-08T21:54:37","slug":"herzlich-willkommen-2","status":"publish","type":"page","link":"https:\/\/bilderbogen-p.de\/","title":{"rendered":"Herzlich Willkommen"},"content":{"rendered":"\n<div style=\"height:40px\" aria-hidden=\"true\" class=\"wp-block-spacer\"><\/div>\n\n\n<div class=\"wp-block-image\">\n<figure class=\"aligncenter size-full\"><img loading=\"lazy\" decoding=\"async\" width=\"983\" height=\"104\" src=\"https:\/\/bilderbogen-p.de\/wp-content\/uploads\/2023\/09\/logo_noborder.png\" alt=\"\" class=\"wp-image-1764\" srcset=\"https:\/\/bilderbogen-p.de\/wp-content\/uploads\/2023\/09\/logo_noborder.png 983w, https:\/\/bilderbogen-p.de\/wp-content\/uploads\/2023\/09\/logo_noborder-300x32.png 300w, https:\/\/bilderbogen-p.de\/wp-content\/uploads\/2023\/09\/logo_noborder-768x81.png 768w\" sizes=\"auto, (max-width: 983px) 100vw, 983px\" \/><\/figure>\n<\/div>\n\n\n<div class=\"wp-block-columns is-layout-flex wp-container-core-columns-is-layout-9d6595d7 wp-block-columns-is-layout-flex\">\n<div class=\"wp-block-column is-layout-flow wp-block-column-is-layout-flow\" style=\"flex-basis:15%\"><\/div>\n\n\n\n<div class=\"wp-block-column is-layout-flow wp-block-column-is-layout-flow\" style=\"flex-basis:70%\">\n<blockquote class=\"wp-block-quote is-style-large is-layout-flow wp-block-quote-is-layout-flow\" style=\"font-style:italic;font-weight:200\">\n<p>Es ist sch\u00f6n an einem Ort zu leben, der so reich an harmonischer Landschaft und an einer unersch\u00f6pflichen Vielfalt an Sehensw\u00fcrdigkeiten ist.<\/p>\n<cite>Ernst Bahr, BILDERbogen-P<\/cite><\/blockquote>\n<\/div>\n\n\n\n<div class=\"wp-block-column is-layout-flow wp-block-column-is-layout-flow\" style=\"flex-basis:15%\"><\/div>\n<\/div>\n\n\n\n<div class=\"wp-block-columns is-layout-flex wp-container-core-columns-is-layout-9d6595d7 wp-block-columns-is-layout-flex\">\n<div class=\"wp-block-column is-layout-flow wp-block-column-is-layout-flow\" style=\"flex-basis:50%\">\n<h2 class=\"wp-block-heading has-text-align-center\" id=\"gallerien\">Gallerien<\/h2>\n\n\n\n<div style=\"height:20px\" aria-hidden=\"true\" class=\"wp-block-spacer\"><\/div>\n\n\n\n<div class=\"wp-block-columns is-layout-flex wp-container-core-columns-is-layout-9d6595d7 wp-block-columns-is-layout-flex\">\n<div class=\"wp-block-column is-layout-flow wp-block-column-is-layout-flow\"><div class=\"wp-block-image\">\n<figure class=\"aligncenter is-resized\"><a href=\"https:\/\/bilderbogen-p.de\/index.php\/bwg_gallery\/stadtansichten\/\"><img loading=\"lazy\" decoding=\"async\" src=\"https:\/\/bilderbogen-p.de\/wp-content\/uploads\/2022\/02\/potsdam-hollnder-viertel-2013-1024x726.jpg\" alt=\"\" class=\"wp-image-1326\" style=\"width:256px;height:182px\" width=\"256\" height=\"182\" srcset=\"https:\/\/bilderbogen-p.de\/wp-content\/uploads\/2022\/02\/potsdam-hollnder-viertel-2013-1024x726.jpg 1024w, https:\/\/bilderbogen-p.de\/wp-content\/uploads\/2022\/02\/potsdam-hollnder-viertel-2013-300x213.jpg 300w, https:\/\/bilderbogen-p.de\/wp-content\/uploads\/2022\/02\/potsdam-hollnder-viertel-2013-768x544.jpg 768w, https:\/\/bilderbogen-p.de\/wp-content\/uploads\/2022\/02\/potsdam-hollnder-viertel-2013-973x690.jpg 973w, https:\/\/bilderbogen-p.de\/wp-content\/uploads\/2022\/02\/potsdam-hollnder-viertel-2013-508x360.jpg 508w, https:\/\/bilderbogen-p.de\/wp-content\/uploads\/2022\/02\/potsdam-hollnder-viertel-2013.jpg 1284w\" sizes=\"auto, (max-width: 256px) 100vw, 256px\" \/><\/a><figcaption class=\"wp-element-caption\">Bogen I &#8211; Stadtansichten<\/figcaption><\/figure>\n<\/div>\n\n<div class=\"wp-block-image\">\n<figure class=\"aligncenter is-resized\"><a href=\"https:\/\/bilderbogen-p.de\/index.php\/bwg_gallery\/schlsser-parks\/\"><img loading=\"lazy\" decoding=\"async\" src=\"https:\/\/bilderbogen-p.de\/wp-content\/uploads\/2022\/02\/potsdam-schloo-sanssouci-2001-1024x683.jpg\" alt=\"\" class=\"wp-image-1205\" style=\"width:256px;height:182px\" width=\"256\" height=\"182\"\/><\/a><figcaption class=\"wp-element-caption\">Bogen II &#8211; Schl\u00f6sser &amp; Parks<\/figcaption><\/figure>\n<\/div>\n\n<div class=\"wp-block-image\">\n<figure class=\"aligncenter is-resized\"><a href=\"https:\/\/bilderbogen-p.de\/index.php\/bwg_gallery\/besonderheiten\/\"><img loading=\"lazy\" decoding=\"async\" src=\"https:\/\/bilderbogen-p.de\/wp-content\/uploads\/2022\/02\/friiderisiko-1024x819.jpg\" alt=\"\" class=\"wp-image-1059\" style=\"width:256px;height:182px\" width=\"256\" height=\"182\"\/><\/a><figcaption class=\"wp-element-caption\">Bogen III &#8211; Besonderheiten<\/figcaption><\/figure>\n<\/div><\/div>\n\n\n\n<div class=\"wp-block-column is-layout-flow wp-block-column-is-layout-flow\"><div class=\"wp-block-image is-style-default\">\n<figure class=\"aligncenter is-resized\"><a href=\"https:\/\/bilderbogen-p.de\/index.php\/bwg_gallery\/foto-collagen\/\"><img loading=\"lazy\" decoding=\"async\" src=\"https:\/\/bilderbogen-p.de\/wp-content\/uploads\/2022\/02\/pferdetrnke-1-1024x821.jpg\" alt=\"\" class=\"wp-image-976\" style=\"object-fit:cover;width:256px;height:182px\" width=\"256\" height=\"182\"\/><\/a><figcaption class=\"wp-element-caption\">Bogen IV &#8211; Fotokollagen<\/figcaption><\/figure>\n<\/div>\n\n<div class=\"wp-block-image\">\n<figure class=\"aligncenter is-resized\"><a href=\"https:\/\/bilderbogen-p.de\/index.php\/bwg_gallery\/kalenderbltter\/\"><img loading=\"lazy\" decoding=\"async\" src=\"https:\/\/bilderbogen-p.de\/wp-content\/uploads\/2022\/02\/2013-november-1024x736.jpg\" alt=\"\" class=\"wp-image-897\" style=\"width:256px;height:182px\" width=\"256\" height=\"182\"\/><\/a><figcaption class=\"wp-element-caption\">Bogen V &#8211; Kalender<\/figcaption><\/figure>\n<\/div><\/div>\n<\/div>\n<\/div>\n\n\n\n<div class=\"wp-block-column is-layout-flow wp-block-column-is-layout-flow\" style=\"flex-basis:50%\">\n<h2 class=\"wp-block-heading has-text-align-center\" id=\"neue-beitrage\">Neue Beitr\u00e4ge<\/h2>\n\n\n\n<div style=\"height:20px\" aria-hidden=\"true\" class=\"wp-block-spacer\"><\/div>\n\n\n<ul class=\"wp-block-latest-posts__list is-grid columns-2 aligncenter center-link wp-block-latest-posts\"><li><div class=\"wp-block-latest-posts__featured-image aligncenter\"><a href=\"https:\/\/bilderbogen-p.de\/index.php\/2023\/10\/06\/kollage-himmelstreppe\/\" aria-label=\"Kollage: Himmelstreppe\"><img loading=\"lazy\" decoding=\"async\" width=\"150\" height=\"150\" src=\"https:\/\/bilderbogen-p.de\/wp-content\/uploads\/2023\/10\/Himmelstreppe-150x150.jpg\" class=\"attachment-thumbnail size-thumbnail wp-post-image\" alt=\"\" style=\"\" srcset=\"https:\/\/bilderbogen-p.de\/wp-content\/uploads\/2023\/10\/Himmelstreppe-150x150.jpg 150w, https:\/\/bilderbogen-p.de\/wp-content\/uploads\/2023\/10\/Himmelstreppe-300x300.jpg 300w, https:\/\/bilderbogen-p.de\/wp-content\/uploads\/2023\/10\/Himmelstreppe-75x75.jpg 75w\" sizes=\"auto, (max-width: 150px) 100vw, 150px\" \/><\/a><\/div><a class=\"wp-block-latest-posts__post-title\" href=\"https:\/\/bilderbogen-p.de\/index.php\/2023\/10\/06\/kollage-himmelstreppe\/\">Kollage: Himmelstreppe<\/a><\/li>\n<li><div class=\"wp-block-latest-posts__featured-image aligncenter\"><a href=\"https:\/\/bilderbogen-p.de\/index.php\/2022\/02\/12\/meierei-am-neuen-garten\/\" aria-label=\"Meierei am Neuen Garten\"><img loading=\"lazy\" decoding=\"async\" width=\"150\" height=\"150\" src=\"https:\/\/bilderbogen-p.de\/wp-content\/uploads\/2022\/02\/meierei-am-neuen-garten-150x150.jpg\" class=\"attachment-thumbnail size-thumbnail wp-post-image\" alt=\"\" style=\"\" srcset=\"https:\/\/bilderbogen-p.de\/wp-content\/uploads\/2022\/02\/meierei-am-neuen-garten-150x150.jpg 150w, https:\/\/bilderbogen-p.de\/wp-content\/uploads\/2022\/02\/meierei-am-neuen-garten-88x88.jpg 88w\" sizes=\"auto, (max-width: 150px) 100vw, 150px\" \/><\/a><\/div><a class=\"wp-block-latest-posts__post-title\" href=\"https:\/\/bilderbogen-p.de\/index.php\/2022\/02\/12\/meierei-am-neuen-garten\/\">Meierei am Neuen Garten<\/a><\/li>\n<li><div class=\"wp-block-latest-posts__featured-image aligncenter\"><a href=\"https:\/\/bilderbogen-p.de\/index.php\/2022\/02\/12\/schloss-cecilienhof\/\" aria-label=\"Schloss Cecilienhof\"><img loading=\"lazy\" decoding=\"async\" width=\"150\" height=\"150\" src=\"https:\/\/bilderbogen-p.de\/wp-content\/uploads\/2022\/02\/potsdam-schloss-cecilienhof-2005-150x150.jpg\" class=\"attachment-thumbnail size-thumbnail wp-post-image\" alt=\"\" style=\"\" srcset=\"https:\/\/bilderbogen-p.de\/wp-content\/uploads\/2022\/02\/potsdam-schloss-cecilienhof-2005-150x150.jpg 150w, https:\/\/bilderbogen-p.de\/wp-content\/uploads\/2022\/02\/potsdam-schloss-cecilienhof-2005-88x88.jpg 88w\" sizes=\"auto, (max-width: 150px) 100vw, 150px\" \/><\/a><\/div><a class=\"wp-block-latest-posts__post-title\" href=\"https:\/\/bilderbogen-p.de\/index.php\/2022\/02\/12\/schloss-cecilienhof\/\">Schloss Cecilienhof<\/a><\/li>\n<li><div class=\"wp-block-latest-posts__featured-image aligncenter\"><a href=\"https:\/\/bilderbogen-p.de\/index.php\/2022\/02\/12\/schloss-park-sanssouci\/\" aria-label=\"Schloss &#038; Park Sanssouci\"><img loading=\"lazy\" decoding=\"async\" width=\"150\" height=\"150\" src=\"https:\/\/bilderbogen-p.de\/wp-content\/uploads\/2022\/02\/potsdam-schloss-sanssouci-2005-150x150.jpg\" class=\"attachment-thumbnail size-thumbnail wp-post-image\" alt=\"\" style=\"\" srcset=\"https:\/\/bilderbogen-p.de\/wp-content\/uploads\/2022\/02\/potsdam-schloss-sanssouci-2005-150x150.jpg 150w, https:\/\/bilderbogen-p.de\/wp-content\/uploads\/2022\/02\/potsdam-schloss-sanssouci-2005-88x88.jpg 88w\" sizes=\"auto, (max-width: 150px) 100vw, 150px\" \/><\/a><\/div><a class=\"wp-block-latest-posts__post-title\" href=\"https:\/\/bilderbogen-p.de\/index.php\/2022\/02\/12\/schloss-park-sanssouci\/\">Schloss &#038; Park Sanssouci<\/a><\/li>\n<li><div class=\"wp-block-latest-posts__featured-image aligncenter\"><a href=\"https:\/\/bilderbogen-p.de\/index.php\/2022\/02\/12\/schloss-park-glienicke\/\" aria-label=\"Schloss &#038; Park Glienicke\"><img loading=\"lazy\" decoding=\"async\" width=\"150\" height=\"150\" src=\"https:\/\/bilderbogen-p.de\/wp-content\/uploads\/2022\/02\/schloss-glienicke-2012a-150x150.jpg\" class=\"attachment-thumbnail size-thumbnail wp-post-image\" alt=\"\" style=\"\" srcset=\"https:\/\/bilderbogen-p.de\/wp-content\/uploads\/2022\/02\/schloss-glienicke-2012a-150x150.jpg 150w, https:\/\/bilderbogen-p.de\/wp-content\/uploads\/2022\/02\/schloss-glienicke-2012a-88x88.jpg 88w\" sizes=\"auto, (max-width: 150px) 100vw, 150px\" \/><\/a><\/div><a class=\"wp-block-latest-posts__post-title\" href=\"https:\/\/bilderbogen-p.de\/index.php\/2022\/02\/12\/schloss-park-glienicke\/\">Schloss &#038; Park Glienicke<\/a><\/li>\n<li><div class=\"wp-block-latest-posts__featured-image aligncenter\"><a href=\"https:\/\/bilderbogen-p.de\/index.php\/2022\/02\/12\/kleines-schloss-auf-der-pfaueninsel\/\" aria-label=\"Kleines Schloss auf der Pfaueninsel\"><img loading=\"lazy\" decoding=\"async\" width=\"150\" height=\"150\" src=\"https:\/\/bilderbogen-p.de\/wp-content\/uploads\/2022\/02\/pfaueninsel-kl-schloss-2005-150x150.jpg\" class=\"attachment-thumbnail size-thumbnail wp-post-image\" alt=\"\" style=\"\" srcset=\"https:\/\/bilderbogen-p.de\/wp-content\/uploads\/2022\/02\/pfaueninsel-kl-schloss-2005-150x150.jpg 150w, https:\/\/bilderbogen-p.de\/wp-content\/uploads\/2022\/02\/pfaueninsel-kl-schloss-2005-88x88.jpg 88w\" sizes=\"auto, (max-width: 150px) 100vw, 150px\" \/><\/a><\/div><a class=\"wp-block-latest-posts__post-title\" href=\"https:\/\/bilderbogen-p.de\/index.php\/2022\/02\/12\/kleines-schloss-auf-der-pfaueninsel\/\">Kleines Schloss auf der Pfaueninsel<\/a><\/li>\n<li><div class=\"wp-block-latest-posts__featured-image aligncenter\"><a href=\"https:\/\/bilderbogen-p.de\/index.php\/2020\/11\/14\/kleines-schloss-babelsberg\/\" aria-label=\"Kleines &#038; Gro\u00dfes Schloss Babelsberg\"><img loading=\"lazy\" decoding=\"async\" width=\"150\" height=\"150\" src=\"https:\/\/bilderbogen-p.de\/wp-content\/uploads\/2022\/02\/schloss-babelsberg-150x150.jpg\" class=\"attachment-thumbnail size-thumbnail wp-post-image\" alt=\"\" style=\"\" srcset=\"https:\/\/bilderbogen-p.de\/wp-content\/uploads\/2022\/02\/schloss-babelsberg-150x150.jpg 150w, https:\/\/bilderbogen-p.de\/wp-content\/uploads\/2022\/02\/schloss-babelsberg-88x88.jpg 88w\" sizes=\"auto, (max-width: 150px) 100vw, 150px\" \/><\/a><\/div><a class=\"wp-block-latest-posts__post-title\" href=\"https:\/\/bilderbogen-p.de\/index.php\/2020\/11\/14\/kleines-schloss-babelsberg\/\">Kleines &#038; Gro\u00dfes Schloss Babelsberg<\/a><\/li>\n<\/ul><\/div>\n<\/div>\n","protected":false},"excerpt":{"rendered":"<p>Es ist sch\u00f6n an einem Ort zu leben, der so reich an harmonischer Landschaft und an einer unersch\u00f6pflichen Vielfalt an Sehensw\u00fcrdigkeiten ist. Gallerien Neue Beitr\u00e4ge<\/p>\n","protected":false},"author":2,"featured_media":0,"parent":0,"menu_order":0,"comment_status":"closed","ping_status":"closed","template":"","meta":{"footnotes":""},"class_list":["post-1790","page","type-page","status-publish","hentry"],"acf":[],"_links":{"self":[{"href":"https:\/\/bilderbogen-p.de\/index.php\/wp-json\/wp\/v2\/pages\/1790","targetHints":{"allow":["GET"]}}],"collection":[{"href":"https:\/\/bilderbogen-p.de\/index.php\/wp-json\/wp\/v2\/pages"}],"about":[{"href":"https:\/\/bilderbogen-p.de\/index.php\/wp-json\/wp\/v2\/types\/page"}],"author":[{"embeddable":true,"href":"https:\/\/bilderbogen-p.de\/index.php\/wp-json\/wp\/v2\/users\/2"}],"replies":[{"embeddable":true,"href":"https:\/\/bilderbogen-p.de\/index.php\/wp-json\/wp\/v2\/comments?post=1790"}],"version-history":[{"count":4,"href":"https:\/\/bilderbogen-p.de\/index.php\/wp-json\/wp\/v2\/pages\/1790\/revisions"}],"predecessor-version":[{"id":1795,"href":"https:\/\/bilderbogen-p.de\/index.php\/wp-json\/wp\/v2\/pages\/1790\/revisions\/1795"}],"wp:attachment":[{"href":"https:\/\/bilderbogen-p.de\/index.php\/wp-json\/wp\/v2\/media?parent=1790"}],"curies":[{"name":"wp","href":"https:\/\/api.w.org\/{rel}","templated":true}]}}