{"id":1802,"date":"2023-09-08T21:39:54","date_gmt":"2023-09-08T21:39:54","guid":{"rendered":"https:\/\/bilderbogen-p.de\/?page_id=1802"},"modified":"2023-09-08T21:42:12","modified_gmt":"2023-09-08T21:42:12","slug":"impressum","status":"publish","type":"page","link":"https:\/\/bilderbogen-p.de\/index.php\/informationen\/impressum\/","title":{"rendered":"Impressum"},"content":{"rendered":"\n<p>BILDERbogen-P<br>ist ein privates Projekt von<\/p>\n\n\n\n<p>Ernst Bahr<br>Erich-Weinert-Str. 22<br>D-14478 Potsdam<\/p>\n\n\n\n<p>Hiermit erkl\u00e4re ich, dass ich keinerlei Einfluss auf den Inhalt und die Darstellung von verlinkten Seiten habe. Deshalb distanziere ich mich hiermit ausdr\u00fccklich von allen Inhalten aller verlinkten Seiten auf meiner Homepage und mache mir diese Inhalte nicht zu Eigen. Diese Erkl\u00e4rung gilt f\u00fcr alle auf meiner Homepage angezeigten Links und f\u00fcr alle Inhalte der Seiten, zu denen die bei mir aufgef\u00fchrten Banner und Links f\u00fchren.<\/p>\n","protected":false},"excerpt":{"rendered":"<p>BILDERbogen-Pist ein privates Projekt von Ernst BahrErich-Weinert-Str. 22D-14478 Potsdam Hiermit erkl\u00e4re ich, dass ich keinerlei Einfluss auf den Inhalt und die Darstellung von verlinkten Seiten habe. Deshalb distanziere ich mich hiermit ausdr\u00fccklich von allen Inhalten aller verlinkten Seiten auf meiner Homepage und mache mir diese Inhalte nicht zu Eigen. Diese Erkl\u00e4rung gilt f\u00fcr alle auf meiner Homepage angezeigten Links und f\u00fcr alle Inhalte der Seiten, zu denen die bei mir aufgef\u00fchrten Banner und Links f\u00fchren.<\/p>\n","protected":false},"author":2,"featured_media":0,"parent":50,"menu_order":0,"comment_status":"closed","ping_status":"closed","template":"","meta":{"footnotes":""},"class_list":["post-1802","page","type-page","status-publish","hentry"],"acf":[],"_links":{"self":[{"href":"https:\/\/bilderbogen-p.de\/index.php\/wp-json\/wp\/v2\/pages\/1802","targetHints":{"allow":["GET"]}}],"collection":[{"href":"https:\/\/bilderbogen-p.de\/index.php\/wp-json\/wp\/v2\/pages"}],"about":[{"href":"https:\/\/bilderbogen-p.de\/index.php\/wp-json\/wp\/v2\/types\/page"}],"author":[{"embeddable":true,"href":"https:\/\/bilderbogen-p.de\/index.php\/wp-json\/wp\/v2\/users\/2"}],"replies":[{"embeddable":true,"href":"https:\/\/bilderbogen-p.de\/index.php\/wp-json\/wp\/v2\/comments?post=1802"}],"version-history":[{"count":2,"href":"https:\/\/bilderbogen-p.de\/index.php\/wp-json\/wp\/v2\/pages\/1802\/revisions"}],"predecessor-version":[{"id":1804,"href":"https:\/\/bilderbogen-p.de\/index.php\/wp-json\/wp\/v2\/pages\/1802\/revisions\/1804"}],"up":[{"embeddable":true,"href":"https:\/\/bilderbogen-p.de\/index.php\/wp-json\/wp\/v2\/pages\/50"}],"wp:attachment":[{"href":"https:\/\/bilderbogen-p.de\/index.php\/wp-json\/wp\/v2\/media?parent=1802"}],"curies":[{"name":"wp","href":"https:\/\/api.w.org\/{rel}","templated":true}]}}