{"id":1813,"date":"2023-09-08T21:51:35","date_gmt":"2023-09-08T21:51:35","guid":{"rendered":"https:\/\/bilderbogen-p.de\/?page_id=1813"},"modified":"2023-09-08T21:51:55","modified_gmt":"2023-09-08T21:51:55","slug":"potsdam-web-links","status":"publish","type":"page","link":"https:\/\/bilderbogen-p.de\/index.php\/informationen\/potsdam-web-links\/","title":{"rendered":"Potsdam Web-Links"},"content":{"rendered":"\n<p>Um Potsdam allumfassend zu dokumentieren, sollen auf dieser Seite interessante und informative WEB-Links gezeigt werden. Bitte beachten Sie, dass ich nicht f\u00fcr den Inhalt der verlinkten Seiten verantwortlich bin, sondern jeweils der Autor.<\/p>\n\n\n\n<figure class=\"wp-block-table\"><table><tbody><tr><td>Potsdam<\/td><td><a href=\"http:\/\/www.potsdam.de\">www.potsdam.de<\/a><\/td><\/tr><tr><td>Schifffahrt in Potsdam<\/td><td><a href=\"http:\/\/www.schiffahrt-in-potsdam.de\/\" target=\"_blank\" rel=\"noreferrer noopener\">www.schiffahrt-in-potsdam.de<\/a><\/td><\/tr><tr><td>Potsdamer B\u00fcrgerinitiative zum Aufbau des Winzerberges<\/td><td><a href=\"http:\/\/ww.winzerberg-potsdam.de\/\" target=\"_blank\" rel=\"noreferrer noopener\">www.winzerberg-potsdam.de<\/a><\/td><\/tr><tr><td>F\u00fcr Radwanderer<\/td><td><a href=\"http:\/\/www.potsdam-per-pedales.de\/\" target=\"_blank\" rel=\"noreferrer noopener\">www.potsdam-per-pedales.de<\/a><\/td><\/tr><tr><td>F\u00fcr die reife Jugend &#8211; Wanderungen, Vortr\u00e4ge u.v.a.<\/td><td><a href=\"http:\/\/www.akademie2.lebenshaelfte.de\/\" target=\"_blank\" rel=\"noreferrer noopener\">www.akademie2.lebenshaelfte.de<\/a><\/td><\/tr><\/tbody><\/table><\/figure>\n","protected":false},"excerpt":{"rendered":"<p>Um Potsdam allumfassend zu dokumentieren, sollen auf dieser Seite interessante und informative WEB-Links gezeigt werden. Bitte beachten Sie, dass ich nicht f\u00fcr den Inhalt der verlinkten Seiten verantwortlich bin, sondern jeweils der Autor. Potsdam www.potsdam.de Schifffahrt in Potsdam www.schiffahrt-in-potsdam.de Potsdamer B\u00fcrgerinitiative zum Aufbau des Winzerberges www.winzerberg-potsdam.de F\u00fcr Radwanderer www.potsdam-per-pedales.de F\u00fcr die reife Jugend &#8211; Wanderungen, Vortr\u00e4ge u.v.a. www.akademie2.lebenshaelfte.de<\/p>\n","protected":false},"author":2,"featured_media":0,"parent":50,"menu_order":0,"comment_status":"closed","ping_status":"closed","template":"","meta":{"footnotes":""},"class_list":["post-1813","page","type-page","status-publish","hentry"],"acf":[],"_links":{"self":[{"href":"https:\/\/bilderbogen-p.de\/index.php\/wp-json\/wp\/v2\/pages\/1813","targetHints":{"allow":["GET"]}}],"collection":[{"href":"https:\/\/bilderbogen-p.de\/index.php\/wp-json\/wp\/v2\/pages"}],"about":[{"href":"https:\/\/bilderbogen-p.de\/index.php\/wp-json\/wp\/v2\/types\/page"}],"author":[{"embeddable":true,"href":"https:\/\/bilderbogen-p.de\/index.php\/wp-json\/wp\/v2\/users\/2"}],"replies":[{"embeddable":true,"href":"https:\/\/bilderbogen-p.de\/index.php\/wp-json\/wp\/v2\/comments?post=1813"}],"version-history":[{"count":2,"href":"https:\/\/bilderbogen-p.de\/index.php\/wp-json\/wp\/v2\/pages\/1813\/revisions"}],"predecessor-version":[{"id":1815,"href":"https:\/\/bilderbogen-p.de\/index.php\/wp-json\/wp\/v2\/pages\/1813\/revisions\/1815"}],"up":[{"embeddable":true,"href":"https:\/\/bilderbogen-p.de\/index.php\/wp-json\/wp\/v2\/pages\/50"}],"wp:attachment":[{"href":"https:\/\/bilderbogen-p.de\/index.php\/wp-json\/wp\/v2\/media?parent=1813"}],"curies":[{"name":"wp","href":"https:\/\/api.w.org\/{rel}","templated":true}]}}